{"id":5816,"date":"2024-03-18T17:29:10","date_gmt":"2024-03-18T17:29:10","guid":{"rendered":"https:\/\/vanboocha.com\/?page_id=5816"},"modified":"2024-05-21T14:53:34","modified_gmt":"2024-05-21T14:53:34","slug":"aviso-legal","status":"publish","type":"page","link":"https:\/\/vanboocha.com\/en\/aviso-legal\/","title":{"rendered":"Aviso Legal"},"content":{"rendered":"<p>Bienvenidos a la guarida legal de Vanboocha, donde todo es tan relajado como una tarde soleada en la playa. Soy Alison Castillo, la mente detr\u00e1s de esta locura camper. Como buena capitana de este barco sobre ruedas, quiero asegurarme de que todos est\u00e9n al tanto de las reglas del juego, \u00a1as\u00ed que ag\u00e1rrense fuerte!<\/p><p><strong>LEY DE LOS SERVICIOS DE LA SOCIEDAD DE LA INFORMACI\u00d3N (LSSI)<br><\/strong>En el presente documento se pretende dar cumplimiento a las obligaciones dispuestas en la Ley 34\/2002, de 11 de julio, de Servicios de la Sociedad de la Informaci\u00f3n y de Comercio Electr\u00f3nico (LSSICE), BOE N.\u00ba 166, as\u00ed como informar a todos los usuarios del sitio web respecto a cu\u00e1les son las condiciones de uso.<\/p><p>Cuando visitas nuestro sitio web, te conviertes autom\u00e1ticamente en un miembro de nuestra tripulaci\u00f3n. Eso significa que debes respetar las reglas del juego y seguir todas las leyes aplicables. \u00a1No hay excepciones!<\/p><p>A veces, las cosas cambian m\u00e1s r\u00e1pido que el viento en alta mar. Por eso, nos reservamos el derecho de hacer ajustes en nuestro sitio web sin previo aviso. Pero no te preocupes, siempre te mantendremos al tanto de cualquier cambio importante.<\/p><p><strong>1. DATOS IDENTIFICATIVOS<br><\/strong>Nombre de dominio: <a href=\"https:\/\/vanboocha.com\/en\/\" target=\"_blank\" rel=\"noreferrer noopener\">www.vanboocha.com<\/a><br>Nombre comercial: VANBOOCHA<br>Denominaci\u00f3n social: ALISON CASTILLO<br>Domicilio social: BARCELONA, ESPA\u00d1A.<br>e-mail: <a href=\"mailto:contacto@vanboocha.com\">contacto@vanboocha.com<\/a><\/p><p><strong>2. DERECHOS DE PROPIEDAD INTELECTUAL E INDUSTRIAL<br><\/strong>Aqu\u00ed estamos en el territorio de las ideas brillantes y los dise\u00f1os geniales de Vanboocha. \u00bfEst\u00e1n listos para sumergirse en este mundo de creatividad sobre ruedas? \u00a1Pues abr\u00f3chense los cinturones, que aqu\u00ed vamos!<\/p><ol class=\"wp-block-list\" style=\"list-style-type:upper-roman\"><li><strong>Cosas geniales que hemos creado<\/strong>:<\/li><\/ol><ul class=\"wp-block-list\"><li>Desde la programaci\u00f3n hasta los gr\u00e1ficos, pasando por los dise\u00f1os y los logos, todo lo que ves en nuestro sitio web es como el tesoro en nuestra furgoneta: propiedad exclusiva de Vanboocha o, si es el caso, disponemos de licencia o autorizaci\u00f3n expresa por parte de los autores. \u00a1Y no es para menos! Todo est\u00e1 protegido por las leyes de propiedad intelectual e industrial.<\/li><\/ul><ol class=\"wp-block-list\" start=\"2\" style=\"list-style-type:upper-roman\"><li><strong>\u00bfQuieres usar nuestro material? Pide permiso primero<\/strong>:<\/li><\/ol><ul class=\"wp-block-list\"><li>Si quieres echarle mano a algo de lo que ves aqu\u00ed, necesitas nuestro visto bueno. No queremos que alguien m\u00e1s se lleve el cr\u00e9dito por nuestras creaciones, \u00bfverdad? Si se llegase a realizar un uso no autorizado se considerar\u00e1 un incumplimiento grave de los derechos de propiedad intelectual o industrial del autor.<\/li><\/ul><ol class=\"wp-block-list\" start=\"3\" style=\"list-style-type:upper-roman\"><li><strong>Cosas que no son nuestras, pero igual molan<\/strong>:<\/li><\/ol><ul class=\"wp-block-list\"><li>Si ves algo que no es de nuestra autor\u00eda, ten la certeza de que le pertenece a alguien m\u00e1s. Ellos son los responsables de su genialidad, y nosotros solo estamos de paso admir\u00e1ndolos desde nuestra furgoneta. Si quieres saber m\u00e1s sobre ellos, \u00a1adelante y cont\u00e1ctales!<\/li><\/ul><p>Si tienes alguna pregunta o quieres reportar algo, \u00a1no dudes en escribirnos a <a>contacto@vanboocha.com<\/a><\/p><p><strong>3. EXENCI\u00d3N DE RESPONSABILIDADES<br><\/strong>Aqu\u00ed estamos en la secci\u00f3n de \u00ablib\u00e9rate de culpas\u00bb y \u00abcookies deliciosas\u00bb de Vanboocha. Vamos a aclarar algunas cosas para que podamos seguir disfrutando del viaje sin preocupaciones.<\/p><p>Si alguna informaci\u00f3n en nuestro sitio web parece un poco extra\u00f1a, es posible que haya sido tocada por las manos traviesas de alg\u00fan tercero. No te preocupes, nosotros nos desentendemos de eso.<\/p><ul class=\"wp-block-list\"><li><strong>Uso de Cookies<\/strong>:<ul class=\"wp-block-list\"><li>S\u00ed, usamos cookies, pero no te preocupes, son como los tentempi\u00e9s del camino, temporales y desaparecen cuando cierras la ventana. Adem\u00e1s, \u00a1no recopilan informaci\u00f3n personal sin tu permiso! Puedes configurar tu navegador para evitar su instalaci\u00f3n, pero no te pierdas las sorpresas que tenemos preparadas.<\/li><\/ul><\/li>\n\n<li><strong>Pol\u00edtica de Enlaces<\/strong>:<ul class=\"wp-block-list\"><li>A veces, contamos con enlaces de afiliados que estar\u00e1n linkeados desde aqu\u00ed. No podemos controlar las rutas que toman otros viajeros en la web. Pero, si esos sitios no son tan divertidos como el nuestro o violan las leyes (nacionales e internacionales o de la \u00e9tica y moral), nos desvinculamos inmediatamente. \u00a1Queremos mantenernos en el camino correcto!<\/li>\n\n<li>No nos hacemos responsables por los comentarios o chismes que puedan aparecer en nuestras redes sociales. Siempre intentamos que nuestro espacio este lleno de buenas vibras y nos ponemos a disposici\u00f3n de la autoridad competente si alg\u00fan navegante incumple las leyes. Y si tu ves algo que no est\u00e1 bien, \u00a1h\u00e1znoslo saber! Estamos aqu\u00ed para ayudar.<\/li>\n\n<li>Nuestro sitio web est\u00e1 dise\u00f1ado para funcionar sin problemas, \u00a1como nuestra furgoneta en la carretera! Aunque a veces, puede que nos topemos con algunos baches t\u00e9cnicos. Pero no te preocupes, \u00a1siempre estamos trabajando para mejorar!<\/li><\/ul><\/li>\n\n<li><strong>Direcciones IP<\/strong>:<ul class=\"wp-block-list\"><li>Nuestros servidores pueden detectar autom\u00e1ticamente tu direcci\u00f3n IP y el nombre de dominio que utilices, pero no te preocupes, no guardamos esa informaci\u00f3n para nosotros. Solo la utilizamos para hacer algunas estad\u00edsticas divertidas sobre nuestras visitas.<\/li><\/ul><\/li><\/ul><p><strong>4. LEY APLICABLE Y JURISDICCI\u00d3N<\/strong><\/p><ul class=\"wp-block-list\"><li>Si alguna vez tenemos alguna discrepancia, \u00a1lo resolveremos con buena onda! Seguiremos las leyes espa\u00f1olas y cualquier disputa se resolver\u00e1 en los juzgados y tribunales m\u00e1s cercanos a Barcelona.<\/li><\/ul><p>\u00a1Y eso es todo, amigos viajeros! Ahora que conocen las reglas del camino digital, \u00a1sigan disfrutando del viaje con Vanboocha!<\/p>","protected":false},"excerpt":{"rendered":"<p>Bienvenidos a la guarida legal de Vanboocha, donde todo es tan relajado como una tarde soleada en la playa. Soy Alison Castillo, la mente detr\u00e1s de esta locura camper. Como buena capitana de este barco sobre ruedas, quiero asegurarme de que todos est\u00e9n al tanto de las reglas del juego, \u00a1as\u00ed que ag\u00e1rrense fuerte! LEY [&hellip;]<\/p>","protected":false},"author":1,"featured_media":0,"parent":0,"menu_order":0,"comment_status":"closed","ping_status":"closed","template":"","meta":{"footnotes":""},"class_list":["post-5816","page","type-page","status-publish","hentry"],"_links":{"self":[{"href":"https:\/\/vanboocha.com\/en\/wp-json\/wp\/v2\/pages\/5816","targetHints":{"allow":["GET"]}}],"collection":[{"href":"https:\/\/vanboocha.com\/en\/wp-json\/wp\/v2\/pages"}],"about":[{"href":"https:\/\/vanboocha.com\/en\/wp-json\/wp\/v2\/types\/page"}],"author":[{"embeddable":true,"href":"https:\/\/vanboocha.com\/en\/wp-json\/wp\/v2\/users\/1"}],"replies":[{"embeddable":true,"href":"https:\/\/vanboocha.com\/en\/wp-json\/wp\/v2\/comments?post=5816"}],"version-history":[{"count":13,"href":"https:\/\/vanboocha.com\/en\/wp-json\/wp\/v2\/pages\/5816\/revisions"}],"predecessor-version":[{"id":6883,"href":"https:\/\/vanboocha.com\/en\/wp-json\/wp\/v2\/pages\/5816\/revisions\/6883"}],"wp:attachment":[{"href":"https:\/\/vanboocha.com\/en\/wp-json\/wp\/v2\/media?parent=5816"}],"curies":[{"name":"wp","href":"https:\/\/api.w.org\/{rel}","templated":true}]}}