{"id":3,"date":"2024-02-20T22:55:18","date_gmt":"2024-02-20T22:55:18","guid":{"rendered":"https:\/\/vanboocha.com\/?page_id=3"},"modified":"2024-05-21T14:41:11","modified_gmt":"2024-05-21T14:41:11","slug":"politicas-privacidad","status":"publish","type":"page","link":"https:\/\/vanboocha.com\/en\/politicas-privacidad\/","title":{"rendered":"Pol\u00edticas de privacidad"},"content":{"rendered":"<p>En Vanboocha, nos tomamos la privacidad tan en serio como una buena siesta en una furgo camper. Sabemos que compartir informaci\u00f3n puede dar un poco de yuyu, as\u00ed que estamos comprometidos a cuidar los datos que nos conf\u00edas como si fueran nuestras propias llaves de la camper. En nuestra pol\u00edtica de privacidad, te contamos con pelos y se\u00f1ales c\u00f3mo recolectamos, usamos y protegemos tus datos personales mientras te das un paseo por nuestra web o alquilas una de nuestras maravillosas furgonetas. Sabemos que tu confianza es tan esencial como un buen mapa de ruta, por eso te animamos a echarle un ojo. Queremos que sepas exactamente c\u00f3mo manejamos tus datos con la misma transparencia con la que disfrutamos de una buena carretera abierta. As\u00ed que, rel\u00e1jate, si\u00e9ntete como en casa (o mejor a\u00fan, como en una de nuestras campers) y revisa con calma nuestra pol\u00edtica de privacidad. \u00a1Nos alegra tenerte a bordo!<\/p><p>Antes de nada, si eres menor de 13 a\u00f1os, necesitamos que tu padre, madre o tutor legal, de su consentimiento para que podamos hablar contigo.<\/p><p class=\"has-medium-font-size\"><strong>\u00bfQui\u00e9nes somos?<\/strong><\/p><p>Los guardianes de Vanboocha, y los responsables del tratamiento de tus datos, o sea Alison Castillo y Julio Wadskier, m\u00e1s que una pareja; somos exploradores apasionados que encontraron en la libertad sobre ruedas la clave para descubrir no solo nuevos lugares, sino tambi\u00e9n el potencial creativo que llevamos dentro. \u00a1\u00danete a nuestra ruta y descubre el mundo con nosotros! Puedes encontrarnos en l\u00ednea en <a href=\"http:\/\/vanboocha.com\/en\/\" target=\"_blank\" rel=\"noreferrer noopener\">vanboocha.com<\/a>.<\/p><p class=\"has-medium-font-size\"><strong>Cookies<\/strong><\/p><p>Al igual que una buen amanecer en el mar que te espera cada ma\u00f1ana, nuestras cookies est\u00e1n aqu\u00ed para hacerte sentir como en casa. Si dejas un comentario en nuestro sitio, puedes optar por guardar tu nombre, direcci\u00f3n de correo electr\u00f3nico y sitio web en cookies. Esto es para tu comodidad, as\u00ed no tendr\u00e1s que volver a escribir tus datos cada vez que quieras compartir tus pensamientos. \u00a1Y no te preocupes! Estas cookies durar\u00e1n un a\u00f1o, \u00a1suficiente tiempo para muchas conversaciones!<\/p><p>Si visitas nuestra p\u00e1gina de inicio de sesi\u00f3n, configuraremos una cookie temporal solo para ver si tu navegador es amigo de las cookies. Pero no te preocupes, esta no tiene datos personales y se va cuando cierras el navegador, como un fantasma en la ma\u00f1ana.<\/p><p>Cuando inicias sesi\u00f3n, tambi\u00e9n preparamos algunas cookies para recordar tus datos de inicio de sesi\u00f3n y tus preferencias de pantalla. Estas duran dos d\u00edas, como un mini road trip, y las de preferencias de pantalla duran un a\u00f1o, \u00a1suficiente tiempo para cambiar de ruta unas cuantas veces! Y si seleccionas \u00abRecordarme\u00bb, tu inicio de sesi\u00f3n durar\u00e1 dos semanas, como unas vacaciones perfectas. Si decides salir de tu cuenta, nuestras cookies se ir\u00e1n con la brisa.<\/p><p>Si decides editar o publicar un art\u00edculo, guardaremos una cookie adicional en tu navegador. No incluye datos personales, solo indica el ID del art\u00edculo que est\u00e1s editando. \u00a1Y como la magia, desaparecer\u00e1 despu\u00e9s de 1 d\u00eda!<\/p><p class=\"has-medium-font-size\"><strong>Contenido incrustado de otros sitios web<\/strong><\/p><p>Al igual que recoger conchas en la playa, nuestro sitio puede incluir contenido de otros lugares. Este contenido se comporta exactamente como si lo hubi\u00e9ramos encontrado nosotros mismos. \u00a1Pero cuidado! Estos sitios pueden recopilar datos sobre ti, usar cookies e incluso agregar m\u00e1s seguimiento. As\u00ed que si tienes una cuenta y est\u00e1s conectado a esos sitios, \u00a1ten cuidado con sus travesuras!<\/p><p class=\"has-medium-font-size\"><strong>\u00bfCon qui\u00e9n compartimos tus datos?<\/strong><\/p><p>Nuestra confianza no se regala como caramelos en Halloween. Tus datos son sagrados para nosotros y no los compartimos con nadie m\u00e1s que con nuestros proveedores de servicios, como aquellos que nos ayudan con las comunicaciones. \u00a1Pero no te preocupes! Ellos tambi\u00e9n tienen sus propios contratos de confidencialidad.<\/p><p>No venderemos, cederemos ni distribuiremos tu informaci\u00f3n personal sin tu consentimiento. Solo hay una excepci\u00f3n a esto y es que un juez lo solicite.<\/p><p class=\"has-medium-font-size\"><strong>\u00bfPara qu\u00e9 tratamos tus datos personales?<\/strong><\/p><p>No necesitas proporcionar datos personales para navegar por el sitio web, excepto en casos como contactarnos a trav\u00e9s de formularios de contacto o comentarios en redes sociales.<\/p><p>Mantener una relaci\u00f3n contigo es nuestro lema. Podemos recopilar informaci\u00f3n personal como tu nombre, direcci\u00f3n de correo electr\u00f3nico o tel\u00e9fono. Usamos tus datos para enviarte cositas chulas como correos electr\u00f3nicos, mensajes de texto , promociones y m\u00e1s. Tambi\u00e9n nos encanta estudiar c\u00f3mo interact\u00faas con nuestro sitio y hacer an\u00e1lisis estad\u00edsticos, \u00a1como Sherlock Holmes pero en versi\u00f3n moderna! Y, por supuesto, responder a tus preguntas y pedidos, \u00a1siempre estamos aqu\u00ed para ti!<\/p><p class=\"has-medium-font-size\"><strong>\u00bfCu\u00e1les son tus derechos?<\/strong><\/p><p>Nos comprometemos a seguir todas las normativas vigentes sobre protecci\u00f3n de datos personales, como la Ley Org\u00e1nica 3\/2018 y el Reglamento (UE) 2016\/679. Adem\u00e1s, esta pol\u00edtica de privacidad puede cambiar para adaptarse a nuevas regulaciones. Al usar nuestro sitio web, aceptas esta pol\u00edtica y las condiciones del <a href=\"\/en\/aviso-legal\/\" target=\"_blank\" rel=\"noreferrer noopener\"><strong>Aviso Legal.<\/strong><\/a><\/p><p>Tu seguridad es nuestra prioridad. Nos esforzamos en que tus datos est\u00e9n seguros, aunque sabemos que hasta las empresas m\u00e1s grandes pueden sufrir un ciberataque, hacemos todo lo que est\u00e1 en nuestra mano porque eso no pase, si llegase a ocurrir te lo contaremos en cuanto nos enteremos. Adem\u00e1s nuestra web tiene un certificado SSL para garantizar que tus datos viajen de manera segura y cifrada entre tu navegador y nuestro servidor.<\/p><p>Si deseas que eliminemos o modifiquemos tus datos, solo env\u00edanos un correo a <a href=\"mailto:contacto@vanboocha.com\">contacto@vanboocha.com<\/a> y nos aseguraremos de hacer los cambios necesarios y, si no est\u00e1s satisfecho\/a, puedes presentar una reclamaci\u00f3n a la Agencia de Protecci\u00f3n de Datos.&nbsp;<\/p><p>\u00a1T\u00fa eres el rey de tu propio castillo! Puedes retirar tu consentimiento en cualquier momento, como quitarse los zapatos despu\u00e9s de un largo d\u00eda. \u00a1Es tu elecci\u00f3n!&nbsp;<\/p>","protected":false},"excerpt":{"rendered":"<p>En Vanboocha, nos tomamos la privacidad tan en serio como una buena siesta en una furgo camper. Sabemos que compartir informaci\u00f3n puede dar un poco de yuyu, as\u00ed que estamos comprometidos a cuidar los datos que nos conf\u00edas como si fueran nuestras propias llaves de la camper. En nuestra pol\u00edtica de privacidad, te contamos con [&hellip;]<\/p>","protected":false},"author":1,"featured_media":0,"parent":0,"menu_order":0,"comment_status":"closed","ping_status":"open","template":"","meta":{"footnotes":""},"class_list":["post-3","page","type-page","status-publish","hentry"],"_links":{"self":[{"href":"https:\/\/vanboocha.com\/en\/wp-json\/wp\/v2\/pages\/3","targetHints":{"allow":["GET"]}}],"collection":[{"href":"https:\/\/vanboocha.com\/en\/wp-json\/wp\/v2\/pages"}],"about":[{"href":"https:\/\/vanboocha.com\/en\/wp-json\/wp\/v2\/types\/page"}],"author":[{"embeddable":true,"href":"https:\/\/vanboocha.com\/en\/wp-json\/wp\/v2\/users\/1"}],"replies":[{"embeddable":true,"href":"https:\/\/vanboocha.com\/en\/wp-json\/wp\/v2\/comments?post=3"}],"version-history":[{"count":26,"href":"https:\/\/vanboocha.com\/en\/wp-json\/wp\/v2\/pages\/3\/revisions"}],"predecessor-version":[{"id":6878,"href":"https:\/\/vanboocha.com\/en\/wp-json\/wp\/v2\/pages\/3\/revisions\/6878"}],"wp:attachment":[{"href":"https:\/\/vanboocha.com\/en\/wp-json\/wp\/v2\/media?parent=3"}],"curies":[{"name":"wp","href":"https:\/\/api.w.org\/{rel}","templated":true}]}}